{"id":320,"date":"2020-05-06T03:46:28","date_gmt":"2020-05-06T03:46:28","guid":{"rendered":"http:\/\/localhost\/theratio\/?page_id=320"},"modified":"2022-11-26T10:59:47","modified_gmt":"2022-11-26T10:59:47","slug":"home-1","status":"publish","type":"page","link":"https:\/\/ybgolden.com.tr\/","title":{"rendered":"ANASAYFA"},"content":{"rendered":"<p><br \/>\n\t\t\t\t<a href=\"https:\/\/ybgolden.com.tr\/uretim\">\t\t\t\t<img decoding=\"async\" src=\"https:\/\/ybgolden.com.tr\/wp-content\/uploads\/elementor\/thumbs\/A-002-py6u2zip1tecqo86ao97pouw0gy4bypvs3do1kblas.jpg\" title=\"A-002\" alt=\"A-002\" \/>\t\t\t\t<\/a><br \/>\n\t\t\t        <a href=\"https:\/\/ybgolden.com.tr\/uretim\">\t\t\t        \t<\/p>\n<h2>\u00dcRET\u0130M<\/h2>\n<p>\t\t\t        <\/a><br \/>\n\t\t\t\t<a href=\"https:\/\/ybgolden.com.tr\/urunlerimiz\/\">\t\t\t\t<img decoding=\"async\" src=\"https:\/\/ybgolden.com.tr\/wp-content\/uploads\/elementor\/thumbs\/B_002-py72a8lnsdkrl7cu8aqgx6n9dloq5aulpggauijqtw.jpg\" title=\"B_002\" alt=\"B_002\" \/>\t\t\t\t<\/a><br \/>\n\t\t\t        <a href=\"https:\/\/ybgolden.com.tr\/urunlerimiz\/\">\t\t\t        \t<\/p>\n<h2>\u00dcR\u00dcNLER<\/h2>\n<p>\t\t\t        <\/a><br \/>\n\t\t\t\t<a href=\"https:\/\/ybgolden.com.tr\/uygulamalarimiz\/\">\t\t\t\t<img decoding=\"async\" src=\"https:\/\/ybgolden.com.tr\/wp-content\/uploads\/elementor\/thumbs\/C_002-py71z623amf6ujfqvignjz7ti893hmweunufd6yo44.jpg\" title=\"C_002\" alt=\"C_002\" \/>\t\t\t\t<\/a><br \/>\n\t\t\t        <a href=\"https:\/\/ybgolden.com.tr\/uygulamalarimiz\/\">\t\t\t        \t<\/p>\n<h2>UYGULAMA<\/h2>\n<p>\t\t\t        <\/a><br \/>\n\t        \t            [YB GOLDEN MERMER ]<\/p>\n<h2>HAKKIMIZDA<\/h2>\n<p>YB GOLDEN Mermer Sanayi 2022 y\u0131l\u0131nda\u00a0 Bursa\u2019da kuruldu.<\/p>\n<p>Bug\u00fcne dek edindi\u011fimiz tecr\u00fcbe ve fabrikam\u0131za yapt\u0131\u011f\u0131m\u0131z d\u00fcnya standartlar\u0131ndaki makina ve ekipman park\u0131 yat\u0131r\u0131m\u0131 ile kendi mermer ocaklar\u0131m\u0131zdan elde etti\u011fimiz 3 farkl\u0131 doku ve niteliklerdeki \u00fcr\u00fcnlerimizi blok, parlat\u0131lm\u0131\u015f plaka, d\u00f6\u015feme ve di\u011fer iste\u011fe uygun formlarda m\u00fc\u015fterilerimizin hizmetine sunmaktay\u0131z.<\/p>\n<p>YB GOLDEN Mermer Sanayi olarak hedefimiz geli\u015fen d\u00fcnya standartlar\u0131nda uyumlulu\u011fumuzu artt\u0131rmak amac\u0131yla uygun kalite politikalar\u0131n\u0131n firmam\u0131z\u0131n b\u00fcnyesine uygulamak ve d\u00fcnya pazar\u0131ndaki sat\u0131\u015f pay\u0131m\u0131z\u0131 artt\u0131rmakt\u0131r.<\/p>\n<style>\/*! elementor - v3.8.1 - 13-11-2022 *\/\n.elementor-widget-image{text-align:center}.elementor-widget-image a{display:inline-block}.elementor-widget-image a img[src$=\".svg\"]{width:48px}.elementor-widget-image img{vertical-align:middle;display:inline-block}<\/style>\n<p>\t\t\t\t\t\t\t\t\t\t\t\t<img decoding=\"async\" src=\"https:\/\/ybgolden.com.tr\/wp-content\/uploads\/elementor\/thumbs\/mermer-ocak-yb-golden-001-py9z0w64170qkpttis3maey76mzypucc5rpp0bp3zk.jpeg\" title=\"mermer-ocak-yb-golden-001\" alt=\"mermer-ocak-yb-golden-001\" \/><br \/>\n\t        \t            [ YB GOLDEN ]<\/p>\n<h2>\u00dcR\u00dcNLER\u0130M\u0130Z<\/h2>\n<\/p>\n<h5>Black Swan -A<\/h5>\n<p>\t\t\t\t\t<img width=\"800\" height=\"650\" src=\"https:\/\/ybgolden.com.tr\/wp-content\/uploads\/A_001.jpg\" alt=\"\" decoding=\"async\" loading=\"lazy\" srcset=\"https:\/\/ybgolden.com.tr\/wp-content\/uploads\/A_001.jpg 800w, https:\/\/ybgolden.com.tr\/wp-content\/uploads\/A_001-300x244.jpg 300w, https:\/\/ybgolden.com.tr\/wp-content\/uploads\/A_001-768x624.jpg 768w\" sizes=\"auto, (max-width: 800px) 100vw, 800px\" \/><br \/>\n\t\t\t<a href=\"https:\/\/ybgolden.com.tr\/urunlerimiz\/black-swan-a\" target=\"_blank\" rel=\"noopener\">\u0130NCELE!<\/a><\/p>\n<h5>Black Swan -B<\/h5>\n<p>\t\t\t\t\t<img width=\"800\" height=\"650\" src=\"https:\/\/ybgolden.com.tr\/wp-content\/uploads\/B_001.jpg\" alt=\"\" decoding=\"async\" loading=\"lazy\" srcset=\"https:\/\/ybgolden.com.tr\/wp-content\/uploads\/B_001.jpg 800w, https:\/\/ybgolden.com.tr\/wp-content\/uploads\/B_001-300x244.jpg 300w, https:\/\/ybgolden.com.tr\/wp-content\/uploads\/B_001-768x624.jpg 768w\" sizes=\"auto, (max-width: 800px) 100vw, 800px\" \/><br \/>\n\t\t\t<a href=\"https:\/\/ybgolden.com.tr\/urunlerimiz\/black-swan-b\" target=\"_blank\" rel=\"noopener\">\u0130NCELE!<\/a><\/p>\n<h5>Black Swan -C<\/h5>\n<p>\t\t\t\t\t<img width=\"800\" height=\"650\" src=\"https:\/\/ybgolden.com.tr\/wp-content\/uploads\/C_001.jpg\" alt=\"\" decoding=\"async\" loading=\"lazy\" srcset=\"https:\/\/ybgolden.com.tr\/wp-content\/uploads\/C_001.jpg 800w, https:\/\/ybgolden.com.tr\/wp-content\/uploads\/C_001-300x244.jpg 300w, https:\/\/ybgolden.com.tr\/wp-content\/uploads\/C_001-768x624.jpg 768w\" sizes=\"auto, (max-width: 800px) 100vw, 800px\" \/><br \/>\n\t\t\t<a href=\"https:\/\/ybgolden.com.tr\/urunlerimiz\/black-swan-c\" target=\"_blank\" rel=\"noopener\">\u0130NCELE!<\/a><\/p>\n<style>\/*! elementor - v3.8.1 - 13-11-2022 *\/\n.elementor-heading-title{padding:0;margin:0;line-height:1}.elementor-widget-heading .elementor-heading-title[class*=elementor-size-]>a{color:inherit;font-size:inherit;line-height:inherit}.elementor-widget-heading .elementor-heading-title.elementor-size-small{font-size:15px}.elementor-widget-heading .elementor-heading-title.elementor-size-medium{font-size:19px}.elementor-widget-heading .elementor-heading-title.elementor-size-large{font-size:29px}.elementor-widget-heading .elementor-heading-title.elementor-size-xl{font-size:39px}.elementor-widget-heading .elementor-heading-title.elementor-size-xxl{font-size:59px}<\/style>\n<h2>D\u00fcr\u00fcst, \u0130stikrarl\u0131 ve Kaliteli \u00dcretim<\/h2>\n<p>\u00dcr\u00fcnlerimiz Hakk\u0131nda Detayl\u0131 Bilgi Almak \u0130\u00e7in<\/p>\n<p>\t\t\t<a href=\"#\">B\u0130ZE ULA\u015eIN!<\/a><\/p>\n","protected":false},"excerpt":{"rendered":"<p>\u00dcRET\u0130M \u00dcR\u00dcNLER UYGULAMA [YB GOLDEN MERMER ] HAKKIMIZDA YB GOLDEN Mermer Sanayi 2022 y\u0131l\u0131nda\u00a0 Bursa\u2019da kuruldu. Bug\u00fcne dek edindi\u011fimiz tecr\u00fcbe ve fabrikam\u0131za yapt\u0131\u011f\u0131m\u0131z d\u00fcnya standartlar\u0131ndaki makina ve ekipman park\u0131 yat\u0131r\u0131m\u0131 ile kendi mermer ocaklar\u0131m\u0131zdan elde etti\u011fimiz 3 farkl\u0131 doku ve niteliklerdeki \u00fcr\u00fcnlerimizi blok, parlat\u0131lm\u0131\u015f plaka, d\u00f6\u015feme ve di\u011fer iste\u011fe uygun formlarda m\u00fc\u015fterilerimizin hizmetine sunmaktay\u0131z. YB [&hellip;]<\/p>\n","protected":false},"author":4,"featured_media":0,"parent":0,"menu_order":0,"comment_status":"closed","ping_status":"closed","template":"","meta":{"footnotes":""},"class_list":["post-320","page","type-page","status-publish","hentry"],"_links":{"self":[{"href":"https:\/\/ybgolden.com.tr\/index.php?rest_route=\/wp\/v2\/pages\/320","targetHints":{"allow":["GET"]}}],"collection":[{"href":"https:\/\/ybgolden.com.tr\/index.php?rest_route=\/wp\/v2\/pages"}],"about":[{"href":"https:\/\/ybgolden.com.tr\/index.php?rest_route=\/wp\/v2\/types\/page"}],"author":[{"embeddable":true,"href":"https:\/\/ybgolden.com.tr\/index.php?rest_route=\/wp\/v2\/users\/4"}],"replies":[{"embeddable":true,"href":"https:\/\/ybgolden.com.tr\/index.php?rest_route=%2Fwp%2Fv2%2Fcomments&post=320"}],"version-history":[{"count":33,"href":"https:\/\/ybgolden.com.tr\/index.php?rest_route=\/wp\/v2\/pages\/320\/revisions"}],"predecessor-version":[{"id":4857,"href":"https:\/\/ybgolden.com.tr\/index.php?rest_route=\/wp\/v2\/pages\/320\/revisions\/4857"}],"wp:attachment":[{"href":"https:\/\/ybgolden.com.tr\/index.php?rest_route=%2Fwp%2Fv2%2Fmedia&parent=320"}],"curies":[{"name":"wp","href":"https:\/\/api.w.org\/{rel}","templated":true}]}}